{"id":12,"date":"2020-04-21T22:49:37","date_gmt":"2020-04-21T22:49:37","guid":{"rendered":"http:\/\/lakridspizza.dk\/?page_id=12"},"modified":"2024-12-01T18:54:34","modified_gmt":"2024-12-01T17:54:34","slug":"om-lakridspizza","status":"publish","type":"page","link":"https:\/\/lakridspizza.dk\/pl\/om-lakridspizza\/","title":{"rendered":"Om Lakridspizza"},"content":{"rendered":"<p>[et_pb_section fb_built=&#8221;1&#8243; admin_label=&#8221;Header&#8221; _builder_version=&#8221;4.27.2&#8243; _module_preset=&#8221;default&#8221; background_enable_color=&#8221;off&#8221; use_background_color_gradient=&#8221;on&#8221; background_color_gradient_stops=&#8221;rgba(17,4,3,0.51) 0%|rgba(25,5,25,0.16) 99%&#8221; background_color_gradient_overlays_image=&#8221;on&#8221; background_image=&#8221;http:\/\/lakridspizza.dk\/wp-content\/uploads\/2024\/10\/Lakridspizza_sorthvid_LR-8-of-42-scaled.jpg?_t=1730124499&#8243; background_position=&#8221;bottom_center&#8221; background_vertical_offset=&#8221;4%&#8221; height=&#8221;400px&#8221; max_height=&#8221;400px&#8221; custom_margin=&#8221;||-1px||false|false&#8221; custom_padding=&#8221;||0px|||&#8221; collapsed=&#8221;off&#8221; global_colors_info=&#8221;{}&#8221;][et_pb_row _builder_version=&#8221;4.19.2&#8243; _module_preset=&#8221;default&#8221; global_colors_info=&#8221;{}&#8221;][et_pb_column type=&#8221;4_4&#8243; _builder_version=&#8221;4.19.2&#8243; _module_preset=&#8221;default&#8221; global_colors_info=&#8221;{}&#8221;][et_pb_text _builder_version=&#8221;4.27.2&#8243; _module_preset=&#8221;_initial&#8221; header_font=&#8221;||||||||&#8221; header_text_align=&#8221;center&#8221; header_text_color=&#8221;#FFFFFF&#8221; header_line_height=&#8221;1.2em&#8221; module_alignment=&#8221;center&#8221; custom_margin=&#8221;||10px||false|false&#8221; animation_style=&#8221;zoom&#8221; header_font_size_tablet=&#8221;40px&#8221; header_font_size_phone=&#8221;40px&#8221; header_font_size_last_edited=&#8221;on|desktop&#8221; global_colors_info=&#8221;{}&#8221;]<\/p>\n<h1>Om Lakridspizza<\/h1>\n<p>[\/et_pb_text][\/et_pb_column][\/et_pb_row][\/et_pb_section][et_pb_section fb_built=&#8221;1&#8243; admin_label=&#8221;About&#8221; _builder_version=&#8221;4.27.2&#8243; _module_preset=&#8221;default&#8221; max_width=&#8221;90%&#8221; max_width_tablet=&#8221;90%&#8221; max_width_phone=&#8221;90%&#8221; max_width_last_edited=&#8221;on|phone&#8221; module_alignment=&#8221;center&#8221; custom_margin=&#8221;||||false|false&#8221; collapsed=&#8221;off&#8221; global_colors_info=&#8221;{}&#8221;][et_pb_row column_structure=&#8221;1_3,2_3&#8243; _builder_version=&#8221;4.27.2&#8243; _module_preset=&#8221;default&#8221; width=&#8221;90%&#8221; width_tablet=&#8221;&#8221; width_phone=&#8221;95%&#8221; width_last_edited=&#8221;on|desktop&#8221; custom_margin=&#8221;-105px||||false|false&#8221; custom_padding=&#8221;||0px|||&#8221; global_colors_info=&#8221;{}&#8221;][et_pb_column type=&#8221;1_3&#8243; _builder_version=&#8221;4.19.2&#8243; _module_preset=&#8221;default&#8221; z_index=&#8221;10&#8243; global_colors_info=&#8221;{}&#8221;][et_pb_image src=&#8221;http:\/\/lakridspizza.dk\/wp-content\/uploads\/2024\/10\/Lakridspizza_sorthvid_HR-33-of-42-1-scaled.jpg?_t=1730124289&#8243; title_text=&#8221;Foto: Martin Damg\u00e5rd, Hverdagsvinkler.dk&#8221; disabled_on=&#8221;on|off|off&#8221; _builder_version=&#8221;4.27.2&#8243; _module_preset=&#8221;default&#8221; custom_margin=&#8221;|-8vw|||false|false&#8221; custom_margin_tablet=&#8221;|0vw|||false|false&#8221; custom_margin_phone=&#8221;|0vw|||false|false&#8221; custom_margin_last_edited=&#8221;on|tablet&#8221; global_colors_info=&#8221;{}&#8221;][\/et_pb_image][\/et_pb_column][et_pb_column type=&#8221;2_3&#8243; _builder_version=&#8221;4.27.2&#8243; _module_preset=&#8221;default&#8221; background_color=&#8221;#FFFFFF&#8221; vertical_offset=&#8221;-90px&#8221; vertical_offset_tablet=&#8221;0px&#8221; vertical_offset_phone=&#8221;0px&#8221; vertical_offset_last_edited=&#8221;on|desktop&#8221; custom_padding=&#8221;63px|60px|30px|8vw|false|false&#8221; custom_padding_tablet=&#8221;30px|30px|30px|30px|true|true&#8221; custom_padding_phone=&#8221;20px|20px|20px|20px|true|true&#8221; custom_padding_last_edited=&#8221;on|desktop&#8221; global_colors_info=&#8221;{}&#8221;][et_pb_icon font_icon=&#8221;&#xf10d;||fa||900&#8243; icon_color=&#8221;#000000&#8243; icon_width=&#8221;40px&#8221; align=&#8221;left&#8221; _builder_version=&#8221;4.19.2&#8243; _module_preset=&#8221;default&#8221; global_colors_info=&#8221;{}&#8221;][\/et_pb_icon][et_pb_slider show_arrows=&#8221;off&#8221; arrows_custom_color=&#8221;#000000&#8243; dot_nav_custom_color=&#8221;#000000&#8243; _builder_version=&#8221;4.27.2&#8243; _module_preset=&#8221;default&#8221; header_font=&#8221;||||||||&#8221; header_text_color=&#8221;#000000&#8243; header_font_size=&#8221;24px&#8221; header_line_height=&#8221;1.8em&#8221; body_font=&#8221;||||||||&#8221; body_text_color=&#8221;#000000&#8243; body_line_height=&#8221;1.8em&#8221; background_color=&#8221;RGBA(255,255,255,0)&#8221; custom_button=&#8221;on&#8221; button_text_size=&#8221;14px&#8221; button_text_color=&#8221;#000000&#8243; button_bg_color=&#8221;gcid-5b291cc9-df1d-4b6e-9bdc-386dacc5279f&#8221; button_border_width=&#8221;0px&#8221; button_border_radius=&#8221;0px&#8221; button_letter_spacing=&#8221;0.2em&#8221; button_font=&#8221;Inter|600||on|||||&#8221; button_custom_padding=&#8221;16px|24px|16px|24px|true|true&#8221; text_orientation=&#8221;left&#8221; custom_margin=&#8221;|-30px||-30px|false|true&#8221; custom_margin_tablet=&#8221;|-30px||-30px|false|true&#8221; custom_margin_phone=&#8221;|-20px||-20px|false|true&#8221; custom_margin_last_edited=&#8221;on|tablet&#8221; custom_padding=&#8221;0px|0px||0px|false|true&#8221; animation_style=&#8221;fade&#8221; auto=&#8221;on&#8221; auto_speed=&#8221;8000&#8243; header_font_size_tablet=&#8221;16px&#8221; header_font_size_phone=&#8221;15px&#8221; header_font_size_last_edited=&#8221;on|tablet&#8221; text_shadow_style=&#8221;preset1&#8243; text_shadow_color=&#8221;RGBA(255,255,255,0)&#8221; global_colors_info=&#8221;{%22gcid-5b291cc9-df1d-4b6e-9bdc-386dacc5279f%22:%91%22button_bg_color%22%93}&#8221;][et_pb_slide heading=&#8221;%22Pull it out, a paper sleeve. Oh, my joy, only you deserve conceit.%22&#8243; _builder_version=&#8221;4.27.2&#8243; _module_preset=&#8221;default&#8221; header_font_size=&#8221;30px&#8221; body_font=&#8221;||on||||||&#8221; global_colors_info=&#8221;{}&#8221; sticky_transition=&#8221;on&#8221;]<\/p>\n<p>&#8211; Spin The Black Circle, Pearl Jam (1994)<\/p>\n<p>[\/et_pb_slide][et_pb_slide heading=&#8221;%22I need that record. I want it now, now, now, now. Got to groove to the vinyl till the record makes the final sound.%22&#8243; _builder_version=&#8221;4.27.2&#8243; _module_preset=&#8221;default&#8221; header_font_size=&#8221;30px&#8221; body_font=&#8221;||on||||||&#8221; global_colors_info=&#8221;{}&#8221; sticky_transition=&#8221;on&#8221;]<\/p>\n<p>&#8211; I Need That Record, Tweeds (1980)<\/p>\n<p>[\/et_pb_slide][et_pb_slide heading=&#8221;%22A spiral scratch gave me my life back. A vinyl solution ended my confusion. I heard a voice in the noise pollution.%22&#8243; _builder_version=&#8221;4.27.2&#8243; _module_preset=&#8221;default&#8221; header_font_size=&#8221;30px&#8221; body_font=&#8221;||on||||||&#8221; global_colors_info=&#8221;{}&#8221; sticky_transition=&#8221;on&#8221;]<\/p>\n<p>&#8211; 45 RPM, The Alarm (2004)<\/p>\n<p>[\/et_pb_slide][et_pb_slide heading=&#8221;%22Just take those old records off the shelf. I&#8217;ll sit and listen to &#8217;em by myself. Today&#8217;s music ain&#8217;t got the same soul. I like that old time rock &#8216;n&#8217; roll.%22&#8243; _builder_version=&#8221;4.27.2&#8243; _module_preset=&#8221;default&#8221; header_font_size=&#8221;30px&#8221; body_font=&#8221;||on||||||&#8221; global_colors_info=&#8221;{}&#8221; sticky_transition=&#8221;on&#8221;]<\/p>\n<p>&#8211; Old Time Rock and Roll, Bob Seger (1979)<\/p>\n<p>[\/et_pb_slide][et_pb_slide heading=&#8221;%22I&#8217;ve got a dusty old pile of vinyl records sittin&#8217; on my floor. I&#8217;ve played each one of &#8217;em over and over a dozen times or more.%22&#8243; _builder_version=&#8221;4.27.2&#8243; _module_preset=&#8221;default&#8221; header_font_size=&#8221;30px&#8221; body_font=&#8221;||on||||||&#8221; global_colors_info=&#8221;{}&#8221; sticky_transition=&#8221;on&#8221;]<\/p>\n<p>&#8211; Vinyl Records, Todd Snider (2002)<\/p>\n<p>[\/et_pb_slide][et_pb_slide heading=&#8221;%22I make rock and roll records. I sell &#8217;em for a dime. I make my living and feed my children. All in good time.%22&#8243; _builder_version=&#8221;4.27.2&#8243; _module_preset=&#8221;default&#8221; header_font_size=&#8221;30px&#8221; body_font=&#8221;||on||||||&#8221; global_colors_info=&#8221;{}&#8221; sticky_transition=&#8221;on&#8221;]<\/p>\n<p>&#8211; Rock and Roll Records, J. J. Cale (1974)<\/p>\n<p>[\/et_pb_slide][\/et_pb_slider][\/et_pb_column][\/et_pb_row][et_pb_row column_structure=&#8221;2_3,1_3&#8243; make_equal=&#8221;on&#8221; _builder_version=&#8221;4.27.2&#8243; _module_preset=&#8221;default&#8221; width=&#8221;90%&#8221; width_tablet=&#8221;&#8221; width_phone=&#8221;95%&#8221; width_last_edited=&#8221;on|desktop&#8221; global_colors_info=&#8221;{}&#8221;][et_pb_column type=&#8221;2_3&#8243; _builder_version=&#8221;4.27.2&#8243; _module_preset=&#8221;default&#8221; global_colors_info=&#8221;{}&#8221;][et_pb_text _builder_version=&#8221;4.27.2&#8243; _module_preset=&#8221;_initial&#8221; header_2_font=&#8221;||||||||&#8221; header_2_font_size=&#8221;40px&#8221; header_2_line_height=&#8221;1.2em&#8221; max_width=&#8221;95%&#8221; module_alignment=&#8221;center&#8221; header_2_font_size_tablet=&#8221;32px&#8221; header_2_font_size_phone=&#8221;20px&#8221; header_2_font_size_last_edited=&#8221;on|desktop&#8221; global_colors_info=&#8221;{}&#8221;]<\/p>\n<h3>Om Lakridspizza<\/h3>\n<p>[\/et_pb_text][et_pb_text _builder_version=&#8221;4.27.2&#8243; _module_preset=&#8221;_initial&#8221; text_font=&#8221;||||||||&#8221; text_font_size=&#8221;16px&#8221; text_line_height=&#8221;1.8em&#8221; width=&#8221;100%&#8221; max_width=&#8221;95%&#8221; module_alignment=&#8221;center&#8221; text_font_size_tablet=&#8221;15px&#8221; text_font_size_phone=&#8221;14px&#8221; text_font_size_last_edited=&#8221;on|desktop&#8221; header_font_size_tablet=&#8221;55px&#8221; header_font_size_last_edited=&#8221;off|desktop&#8221; global_colors_info=&#8221;{}&#8221;]<\/p>\n<p><span style=\"font-size: large;\">Det lyder som et gakket navn totalt uden mening. Det er det muligvis ogs\u00e5, men Aalborgs nye pladeshop hedder Lakridspizza af en \u00e5rsag. Dels var der i 1970&#8217;erne en pladebutiksk\u00e6de i det sydlige Californien i USA, der hed Licorice Pizza, og dels er det slang for den smukke, sorte skive med den spr\u00f8de lyd. Og da instrukt\u00f8r Paul Thomas Anderson i 2021 lavede en film med netop den lidt sk\u00f8re titel &#8211; blandt andet fordi butiksk\u00e6den l\u00e5 i hans barndoms kvarter &#8211; synes indehaver Jan M. Jensen, at den direkte overs\u00e6ttelse p\u00e5 dansk var et kreativt og anderledes navn til en pladebutik i Aalborg.<\/span><\/p>\n<p><span style=\"font-size: 16px;\"><\/span><\/p>\n<p>[\/et_pb_text][\/et_pb_column][et_pb_column type=&#8221;1_3&#8243; _builder_version=&#8221;4.27.2&#8243; _module_preset=&#8221;default&#8221; background_image=&#8221;http:\/\/lakridspizza.dk\/wp-content\/uploads\/2024\/10\/Lakridspizza_sorthvid_HR-22-of-42-scaled.jpg?_t=1730234638&#8243; global_colors_info=&#8221;{}&#8221;][et_pb_divider show_divider=&#8221;off&#8221; disabled_on=&#8221;off|off|off&#8221; _builder_version=&#8221;4.27.2&#8243; _module_preset=&#8221;default&#8221; height_tablet=&#8221;40vw&#8221; height_phone=&#8221;40vw&#8221; height_last_edited=&#8221;on|desktop&#8221; locked=&#8221;off&#8221; global_colors_info=&#8221;{}&#8221;][\/et_pb_divider][\/et_pb_column][\/et_pb_row][et_pb_row column_structure=&#8221;2_5,3_5&#8243; _builder_version=&#8221;4.27.2&#8243; _module_preset=&#8221;default&#8221; width=&#8221;90%&#8221; width_tablet=&#8221;&#8221; width_phone=&#8221;95%&#8221; width_last_edited=&#8221;on|phone&#8221; custom_css_main_element=&#8221;display: flex;||flex-wrap: wrap;&#8221; global_colors_info=&#8221;{}&#8221;][et_pb_column type=&#8221;2_5&#8243; disabled_on=&#8221;off|off|off&#8221; _builder_version=&#8221;4.27.2&#8243; _module_preset=&#8221;default&#8221; global_colors_info=&#8221;{}&#8221; custom_css_main_element_last_edited=&#8221;on|phone&#8221; custom_css_main_element_phone=&#8221;order: 2;&#8221;][et_pb_image src=&#8221;http:\/\/lakridspizza.dk\/wp-content\/uploads\/2024\/10\/Lakridspizza_farve_HR-17-of-42-scaled.jpg?_t=1730234689&#8243; title_text=&#8221;Foto: Martin Damg\u00e5rd, Hverdagsvinkler.dk&#8221; src_tablet=&#8221;http:\/\/lakridspizza.dk\/wp-content\/uploads\/2024\/10\/Lakridspizza_farve_HR-17-of-42-scaled.jpg?_t=1730124463&#8243; src_phone=&#8221;http:\/\/lakridspizza.dk\/wp-content\/uploads\/2024\/10\/Lakridspizza_farve_HR-17-of-42-scaled.jpg?_t=1730124463&#8243; src_last_edited=&#8221;on|phone&#8221; _builder_version=&#8221;4.27.2&#8243; _module_preset=&#8221;default&#8221; global_colors_info=&#8221;{}&#8221;][\/et_pb_image][et_pb_image src=&#8221;http:\/\/lakridspizza.dk\/wp-content\/uploads\/2024\/10\/Lakridspizza2_farve_LR-13-of-16-scaled.jpg?_t=1730234717&#8243; title_text=&#8221;Foto: Martin Damg\u00e5rd, Hverdagsvinkler.dk&#8221; _builder_version=&#8221;4.27.2&#8243; _module_preset=&#8221;default&#8221; global_colors_info=&#8221;{}&#8221;][\/et_pb_image][\/et_pb_column][et_pb_column type=&#8221;3_5&#8243; _builder_version=&#8221;4.27.2&#8243; _module_preset=&#8221;default&#8221; custom_padding=&#8221;30px||30px||true|false&#8221; custom_padding_tablet=&#8221;0px||0px||true|false&#8221; custom_padding_phone=&#8221;0px||0px||true|false&#8221; custom_padding_last_edited=&#8221;on|tablet&#8221; global_colors_info=&#8221;{}&#8221; custom_css_main_element_last_edited=&#8221;on|phone&#8221; custom_css_main_element_phone=&#8221;order: 1;&#8221;][et_pb_text _builder_version=&#8221;4.27.2&#8243; _module_preset=&#8221;_initial&#8221; header_2_font=&#8221;||||||||&#8221; header_2_font_size=&#8221;40px&#8221; header_2_line_height=&#8221;1.2em&#8221; max_width_tablet=&#8221;&#8221; max_width_phone=&#8221;95%&#8221; max_width_last_edited=&#8221;on|phone&#8221; module_alignment=&#8221;center&#8221; header_2_font_size_tablet=&#8221;32px&#8221; header_2_font_size_phone=&#8221;20px&#8221; header_2_font_size_last_edited=&#8221;on|desktop&#8221; locked=&#8221;off&#8221; global_colors_info=&#8221;{}&#8221;]<\/p>\n<h3>Rutinerede kr\u00e6fter bag<\/h3>\n<p>[\/et_pb_text][et_pb_text _builder_version=&#8221;4.27.2&#8243; _module_preset=&#8221;_initial&#8221; text_font=&#8221;||||||||&#8221; text_font_size=&#8221;16px&#8221; text_line_height=&#8221;1.8em&#8221; max_width=&#8221;95%&#8221; text_font_size_tablet=&#8221;15px&#8221; text_font_size_phone=&#8221;14px&#8221; text_font_size_last_edited=&#8221;on|desktop&#8221; header_font_size_tablet=&#8221;55px&#8221; header_font_size_last_edited=&#8221;off|desktop&#8221; module_alignment_tablet=&#8221;&#8221; module_alignment_phone=&#8221;center&#8221; module_alignment_last_edited=&#8221;on|phone&#8221; locked=&#8221;off&#8221; global_colors_info=&#8221;{}&#8221;]<\/p>\n<p><span style=\"font-size: large;\">Jan M. Jensen, der gennem 17 \u00e5r var ANR&#8217;s musikchef, er manden bag Lakridspizza. Det har taget ham n\u00e6sten et \u00e5r at stable butikken p\u00e5 benene, fordi \u00f8nsket hele vejen igennem har v\u00e6ret at skabe en b\u00e6redygtig butik, som Aalborg i mange \u00e5r har fortjent at have.<\/span><\/p>\n<p><span style=\"font-size: large;\">Butikkens storleverand\u00f8r p\u00e5 vinyl, og ogs\u00e5 lidt cd&#8217;er, er \u00e9n af Aalborgs allerst\u00f8rste kapaciteter p\u00e5 omr\u00e5det og skaber af <a href=\"https:\/\/www.facebook.com\/pladebors\" target=\"_blank\" rel=\"noopener\">Pladeb\u00f8rs<\/a> i kedelhallen i Nordkraft, Heine Andersen. Bliv ikke overrasket, hvis du st\u00f8der p\u00e5 Heine i butikken, n\u00e5r han lige kommer forbi med en ny sending skiver.<\/span><\/p>\n<p><span style=\"font-size: large;\">Med p\u00e5 holdet er ogs\u00e5 manden bag Facebookgruppen Tirsdagsklubben Aalborg, Jonas Westergaard Christiansen. Han snakker gerne vinyl med dig &#8211; s\u00e6rligt om formiddagen i Lakridspizza, og s\u00e5 s\u00f8rger han bl.a. for, at butikken er godt fyldt op med nye plader.<\/span><\/p>\n<p>[\/et_pb_text][\/et_pb_column][\/et_pb_row][\/et_pb_section]<\/p>\n","protected":false},"excerpt":{"rendered":"<p>Om Lakridspizza- Spin The Black Circle, Pearl Jam (1994)- I Need That Record, Tweeds (1980)- 45 RPM, The Alarm (2004)- Old Time Rock and Roll, Bob Seger (1979)- Vinyl Records, Todd Snider (2002)- Rock and Roll Records, J. J. Cale (1974)Om LakridspizzaDet lyder som et gakket navn totalt uden mening. Det er det muligvis ogs\u00e5, [&hellip;]<\/p>\n","protected":false},"author":1,"featured_media":0,"parent":0,"menu_order":0,"comment_status":"closed","ping_status":"closed","template":"","meta":{"_acf_changed":false,"_et_pb_use_builder":"on","_et_pb_old_content":"","_et_gb_content_width":"","footnotes":""},"class_list":["post-12","page","type-page","status-publish","hentry"],"acf":[],"yoast_head":"<!-- This site is optimized with the Yoast SEO plugin v27.5 - https:\/\/yoast.com\/product\/yoast-seo-wordpress\/ -->\n<title>Om Lakridspizza: Aalborgs nye pladebutik for vinylplader og cd&#039;er<\/title>\n<meta name=\"description\" content=\"Bag Lakridspizza st\u00e5r rutinerede kr\u00e6fter fra radio og vinylmilj\u00f8et. L\u00e6s historien om navnet og vores vision for Aalborgs nye pladebutik med b\u00e5de vinyler og cd&#039;er.\" \/>\n<meta name=\"robots\" content=\"index, follow, max-snippet:-1, max-image-preview:large, max-video-preview:-1\" \/>\n<link rel=\"canonical\" href=\"https:\/\/lakridspizza.dk\/pl\/om-lakridspizza\/\" \/>\n<meta property=\"og:locale\" content=\"pl_PL\" \/>\n<meta property=\"og:type\" content=\"article\" \/>\n<meta property=\"og:title\" content=\"Om Lakridspizza: Aalborgs nye pladebutik for vinylplader og cd&#039;er\" \/>\n<meta property=\"og:description\" content=\"Bag Lakridspizza st\u00e5r rutinerede kr\u00e6fter fra radio og vinylmilj\u00f8et. L\u00e6s historien om navnet og vores vision for Aalborgs nye pladebutik med b\u00e5de vinyler og cd&#039;er.\" \/>\n<meta property=\"og:url\" content=\"https:\/\/lakridspizza.dk\/pl\/om-lakridspizza\/\" \/>\n<meta property=\"og:site_name\" content=\"Lakridspizza - Aalborgs nye pladeshop\" \/>\n<meta property=\"article:modified_time\" content=\"2024-12-01T17:54:34+00:00\" \/>\n<meta name=\"twitter:card\" content=\"summary_large_image\" \/>\n<meta name=\"twitter:label1\" content=\"Szacowany czas czytania\" \/>\n\t<meta name=\"twitter:data1\" content=\"3 minuty\" \/>\n<script type=\"application\/ld+json\" class=\"yoast-schema-graph\">{\"@context\":\"https:\\\/\\\/schema.org\",\"@graph\":[{\"@type\":\"WebPage\",\"@id\":\"https:\\\/\\\/lakridspizza.dk\\\/om-lakridspizza\\\/\",\"url\":\"https:\\\/\\\/lakridspizza.dk\\\/om-lakridspizza\\\/\",\"name\":\"Om Lakridspizza: Aalborgs nye pladebutik for vinylplader og cd'er\",\"isPartOf\":{\"@id\":\"https:\\\/\\\/lakridspizza.dk\\\/#website\"},\"datePublished\":\"2020-04-21T22:49:37+00:00\",\"dateModified\":\"2024-12-01T17:54:34+00:00\",\"description\":\"Bag Lakridspizza st\u00e5r rutinerede kr\u00e6fter fra radio og vinylmilj\u00f8et. L\u00e6s historien om navnet og vores vision for Aalborgs nye pladebutik med b\u00e5de vinyler og cd'er.\",\"breadcrumb\":{\"@id\":\"https:\\\/\\\/lakridspizza.dk\\\/om-lakridspizza\\\/#breadcrumb\"},\"inLanguage\":\"pl-PL\",\"potentialAction\":[{\"@type\":\"ReadAction\",\"target\":[\"https:\\\/\\\/lakridspizza.dk\\\/om-lakridspizza\\\/\"]}]},{\"@type\":\"BreadcrumbList\",\"@id\":\"https:\\\/\\\/lakridspizza.dk\\\/om-lakridspizza\\\/#breadcrumb\",\"itemListElement\":[{\"@type\":\"ListItem\",\"position\":1,\"name\":\"Hjem\",\"item\":\"https:\\\/\\\/lakridspizza.dk\\\/\"},{\"@type\":\"ListItem\",\"position\":2,\"name\":\"Om Lakridspizza\"}]},{\"@type\":\"WebSite\",\"@id\":\"https:\\\/\\\/lakridspizza.dk\\\/#website\",\"url\":\"https:\\\/\\\/lakridspizza.dk\\\/\",\"name\":\"Lakridspizza - Aalborgs nye pladeshop\",\"description\":\"Din nye pladebutik med det bedste p\u00e5 vinyl og CD\",\"publisher\":{\"@id\":\"https:\\\/\\\/lakridspizza.dk\\\/#organization\"},\"potentialAction\":[{\"@type\":\"SearchAction\",\"target\":{\"@type\":\"EntryPoint\",\"urlTemplate\":\"https:\\\/\\\/lakridspizza.dk\\\/?s={search_term_string}\"},\"query-input\":{\"@type\":\"PropertyValueSpecification\",\"valueRequired\":true,\"valueName\":\"search_term_string\"}}],\"inLanguage\":\"pl-PL\"},{\"@type\":\"Organization\",\"@id\":\"https:\\\/\\\/lakridspizza.dk\\\/#organization\",\"name\":\"Webdesign Danmark\",\"url\":\"https:\\\/\\\/lakridspizza.dk\\\/\",\"logo\":{\"@type\":\"ImageObject\",\"inLanguage\":\"pl-PL\",\"@id\":\"https:\\\/\\\/lakridspizza.dk\\\/#\\\/schema\\\/logo\\\/image\\\/\",\"url\":\"http:\\\/\\\/lakridspizza.dk\\\/wp-content\\\/uploads\\\/2020\\\/04\\\/webdesign-dk.png\",\"contentUrl\":\"http:\\\/\\\/lakridspizza.dk\\\/wp-content\\\/uploads\\\/2020\\\/04\\\/webdesign-dk.png\",\"width\":300,\"height\":300,\"caption\":\"Webdesign Danmark\"},\"image\":{\"@id\":\"https:\\\/\\\/lakridspizza.dk\\\/#\\\/schema\\\/logo\\\/image\\\/\"}}]}<\/script>\n<!-- \/ Yoast SEO plugin. -->","yoast_head_json":{"title":"Om Lakridspizza: Aalborgs nye pladebutik for vinylplader og cd'er","description":"Bag Lakridspizza st\u00e5r rutinerede kr\u00e6fter fra radio og vinylmilj\u00f8et. L\u00e6s historien om navnet og vores vision for Aalborgs nye pladebutik med b\u00e5de vinyler og cd'er.","robots":{"index":"index","follow":"follow","max-snippet":"max-snippet:-1","max-image-preview":"max-image-preview:large","max-video-preview":"max-video-preview:-1"},"canonical":"https:\/\/lakridspizza.dk\/pl\/om-lakridspizza\/","og_locale":"pl_PL","og_type":"article","og_title":"Om Lakridspizza: Aalborgs nye pladebutik for vinylplader og cd'er","og_description":"Bag Lakridspizza st\u00e5r rutinerede kr\u00e6fter fra radio og vinylmilj\u00f8et. L\u00e6s historien om navnet og vores vision for Aalborgs nye pladebutik med b\u00e5de vinyler og cd'er.","og_url":"https:\/\/lakridspizza.dk\/pl\/om-lakridspizza\/","og_site_name":"Lakridspizza - Aalborgs nye pladeshop","article_modified_time":"2024-12-01T17:54:34+00:00","twitter_card":"summary_large_image","twitter_misc":{"Szacowany czas czytania":"3 minuty"},"schema":{"@context":"https:\/\/schema.org","@graph":[{"@type":"WebPage","@id":"https:\/\/lakridspizza.dk\/om-lakridspizza\/","url":"https:\/\/lakridspizza.dk\/om-lakridspizza\/","name":"Om Lakridspizza: Aalborgs nye pladebutik for vinylplader og cd'er","isPartOf":{"@id":"https:\/\/lakridspizza.dk\/#website"},"datePublished":"2020-04-21T22:49:37+00:00","dateModified":"2024-12-01T17:54:34+00:00","description":"Bag Lakridspizza st\u00e5r rutinerede kr\u00e6fter fra radio og vinylmilj\u00f8et. L\u00e6s historien om navnet og vores vision for Aalborgs nye pladebutik med b\u00e5de vinyler og cd'er.","breadcrumb":{"@id":"https:\/\/lakridspizza.dk\/om-lakridspizza\/#breadcrumb"},"inLanguage":"pl-PL","potentialAction":[{"@type":"ReadAction","target":["https:\/\/lakridspizza.dk\/om-lakridspizza\/"]}]},{"@type":"BreadcrumbList","@id":"https:\/\/lakridspizza.dk\/om-lakridspizza\/#breadcrumb","itemListElement":[{"@type":"ListItem","position":1,"name":"Hjem","item":"https:\/\/lakridspizza.dk\/"},{"@type":"ListItem","position":2,"name":"Om Lakridspizza"}]},{"@type":"WebSite","@id":"https:\/\/lakridspizza.dk\/#website","url":"https:\/\/lakridspizza.dk\/","name":"Lakridspizza - Aalborgs nye pladeshop","description":"Din nye pladebutik med det bedste p\u00e5 vinyl og CD","publisher":{"@id":"https:\/\/lakridspizza.dk\/#organization"},"potentialAction":[{"@type":"SearchAction","target":{"@type":"EntryPoint","urlTemplate":"https:\/\/lakridspizza.dk\/?s={search_term_string}"},"query-input":{"@type":"PropertyValueSpecification","valueRequired":true,"valueName":"search_term_string"}}],"inLanguage":"pl-PL"},{"@type":"Organization","@id":"https:\/\/lakridspizza.dk\/#organization","name":"Webdesign Danmark","url":"https:\/\/lakridspizza.dk\/","logo":{"@type":"ImageObject","inLanguage":"pl-PL","@id":"https:\/\/lakridspizza.dk\/#\/schema\/logo\/image\/","url":"http:\/\/lakridspizza.dk\/wp-content\/uploads\/2020\/04\/webdesign-dk.png","contentUrl":"http:\/\/lakridspizza.dk\/wp-content\/uploads\/2020\/04\/webdesign-dk.png","width":300,"height":300,"caption":"Webdesign Danmark"},"image":{"@id":"https:\/\/lakridspizza.dk\/#\/schema\/logo\/image\/"}}]}},"_links":{"self":[{"href":"https:\/\/lakridspizza.dk\/pl\/wp-json\/wp\/v2\/pages\/12","targetHints":{"allow":["GET"]}}],"collection":[{"href":"https:\/\/lakridspizza.dk\/pl\/wp-json\/wp\/v2\/pages"}],"about":[{"href":"https:\/\/lakridspizza.dk\/pl\/wp-json\/wp\/v2\/types\/page"}],"author":[{"embeddable":true,"href":"https:\/\/lakridspizza.dk\/pl\/wp-json\/wp\/v2\/users\/1"}],"replies":[{"embeddable":true,"href":"https:\/\/lakridspizza.dk\/pl\/wp-json\/wp\/v2\/comments?post=12"}],"version-history":[{"count":65,"href":"https:\/\/lakridspizza.dk\/pl\/wp-json\/wp\/v2\/pages\/12\/revisions"}],"predecessor-version":[{"id":9934,"href":"https:\/\/lakridspizza.dk\/pl\/wp-json\/wp\/v2\/pages\/12\/revisions\/9934"}],"wp:attachment":[{"href":"https:\/\/lakridspizza.dk\/pl\/wp-json\/wp\/v2\/media?parent=12"}],"curies":[{"name":"wp","href":"https:\/\/api.w.org\/{rel}","templated":true}]}}